{"id":61,"date":"2024-07-17T10:40:02","date_gmt":"2024-07-17T08:40:02","guid":{"rendered":"https:\/\/hotelvillamiel.com\/?page_id=61"},"modified":"2025-09-03T17:27:04","modified_gmt":"2025-09-03T15:27:04","slug":"datenschutzerklarung","status":"publish","type":"page","link":"https:\/\/hotelvillamiel.com\/de\/datenschutzerklarung\/","title":{"rendered":"Datenschutzerkl\u00e4rung"},"content":{"rendered":"\t\t<div data-elementor-type=\"wp-page\" data-elementor-id=\"61\" class=\"elementor elementor-61\" data-elementor-post-type=\"page\">\n\t\t\t\t<div class=\"elementor-element elementor-element-5b67b6e e-flex e-con-boxed e-con e-parent\" data-id=\"5b67b6e\" data-element_type=\"container\" data-e-type=\"container\">\n\t\t\t\t\t<div class=\"e-con-inner\">\n\t\t<div class=\"elementor-element elementor-element-62bdc8e e-con-full e-flex e-con e-child\" data-id=\"62bdc8e\" data-element_type=\"container\" data-e-type=\"container\">\n\t\t\t\t<div class=\"elementor-element elementor-element-b614631 elementor-widget elementor-widget-text-editor\" data-id=\"b614631\" data-element_type=\"widget\" data-e-type=\"widget\" data-widget_type=\"text-editor.default\">\n\t\t\t\t<div class=\"elementor-widget-container\">\n\t\t\t\t\t\t\t\t\t<h2 data-start=\"91\" data-end=\"127\">DATENSCHUTZERKL\u00c4RUNG DER WEBSITE<\/h2><p data-start=\"128\" data-end=\"144\">hotelvillamiel.com<\/p><h2 data-start=\"146\" data-end=\"191\">I. DATENSCHUTZRICHTLINIE UND DATENSCHUTZ<\/h2><p data-start=\"193\" data-end=\"498\">Unter Beachtung der geltenden gesetzlichen Bestimmungen verpflichtet sich Alojamientos Tur\u00edsticos (im Folgenden auch \u201eWebsite\u201c genannt), die erforderlichen technischen und organisatorischen Ma\u00dfnahmen zu ergreifen, die dem Sicherheitsniveau entsprechen, das dem Risiko der erhobenen Daten angemessen ist.<\/p><h3 data-start=\"500\" data-end=\"551\">Rechtsgrundlagen dieser Datenschutzrichtlinie<\/h3><p data-start=\"553\" data-end=\"752\">Diese Datenschutzrichtlinie ist an die geltenden spanischen und europ\u00e4ischen Vorschriften zum Schutz personenbezogener Daten im Internet angepasst. Insbesondere entspricht sie den folgenden Normen:<\/p><ul data-start=\"754\" data-end=\"1341\"><li data-start=\"754\" data-end=\"881\"><p data-start=\"756\" data-end=\"881\">Verordnung (EU) 2016\/679 des Europ\u00e4ischen Parlaments und des Rates vom 27. April 2016 (Datenschutz-Grundverordnung, DSGVO).<\/p><\/li><li data-start=\"882\" data-end=\"1023\"><p data-start=\"884\" data-end=\"1023\">Spanisches Organgesetz 3\/2018 vom 5. Dezember \u00fcber den Schutz personenbezogener Daten und die Gew\u00e4hrleistung digitaler Rechte (LOPD-GDD).<\/p><\/li><li data-start=\"1024\" data-end=\"1215\"><p data-start=\"1026\" data-end=\"1215\">K\u00f6nigliches Dekret 1720\/2007 vom 21. Dezember, zur Genehmigung der Verordnung zur Durchf\u00fchrung des Organgesetzes 15\/1999 vom 13. Dezember \u00fcber den Schutz personenbezogener Daten (RDLOPD).<\/p><\/li><li data-start=\"1216\" data-end=\"1341\"><p data-start=\"1218\" data-end=\"1341\">Gesetz 34\/2002 vom 11. Juli \u00fcber Dienste der Informationsgesellschaft und des elektronischen Gesch\u00e4ftsverkehrs (LSSI-CE).<\/p><\/li><\/ul><h3 data-start=\"1343\" data-end=\"1391\">Verantwortlicher f\u00fcr die Datenverarbeitung<\/h3><p data-start=\"1393\" data-end=\"1696\">Der Verantwortliche f\u00fcr die Verarbeitung der auf Alojamientos Tur\u00edsticos erhobenen personenbezogenen Daten ist: Hotel Villa Miel S.L., mit NIF\/CIF: B07655921, eingetragen im: , vertreten durch: Ant\u00f2nia Iturbide (im Folgenden: \u201eVerantwortlicher\u201c).<\/p><p data-start=\"1698\" data-end=\"1817\">Kontakt:<br data-start=\"1706\" data-end=\"1709\" \/>Adresse: Avda. Cristobal Colon 92 07560 Cala Millor Mallorca<br data-start=\"1742\" data-end=\"1745\" \/>Telefon: +34649825572<br data-start=\"1777\" data-end=\"1780\" \/>Fax:<br data-start=\"1784\" data-end=\"1787\" \/>E-Mail: info@hotelvillamiel.com<\/p><h3 data-start=\"1819\" data-end=\"1857\">Grunds\u00e4tze der Datenverarbeitung<\/h3><p data-start=\"1859\" data-end=\"1996\">Die Verarbeitung der personenbezogenen Daten des Nutzers erfolgt gem\u00e4\u00df den Grunds\u00e4tzen des Art. 5 DSGVO sowie des Organgesetzes 3\/2018:<\/p><ul data-start=\"1997\" data-end=\"2211\"><li data-start=\"1997\" data-end=\"2068\"><p data-start=\"1999\" data-end=\"2068\">Rechtm\u00e4\u00dfigkeit, Verarbeitung nach Treu und Glauben und Transparenz.<\/p><\/li><li data-start=\"2069\" data-end=\"2086\"><p data-start=\"2071\" data-end=\"2086\">Zweckbindung.<\/p><\/li><li data-start=\"2087\" data-end=\"2108\"><p data-start=\"2089\" data-end=\"2108\">Datenminimierung.<\/p><\/li><li data-start=\"2109\" data-end=\"2125\"><p data-start=\"2111\" data-end=\"2125\">Richtigkeit.<\/p><\/li><li data-start=\"2126\" data-end=\"2149\"><p data-start=\"2128\" data-end=\"2149\">Speicherbegrenzung.<\/p><\/li><li data-start=\"2150\" data-end=\"2185\"><p data-start=\"2152\" data-end=\"2185\">Integrit\u00e4t und Vertraulichkeit.<\/p><\/li><li data-start=\"2186\" data-end=\"2211\"><p data-start=\"2188\" data-end=\"2211\">Rechenschaftspflicht.<\/p><\/li><\/ul><h3 data-start=\"2213\" data-end=\"2253\">Kategorien personenbezogener Daten<\/h3><p data-start=\"2255\" data-end=\"2312\">Die auf der Website verarbeiteten Datenkategorien sind:<\/p><ul data-start=\"2313\" data-end=\"2608\"><li data-start=\"2313\" data-end=\"2338\"><p data-start=\"2315\" data-end=\"2338\">Identifikationsdaten.<\/p><\/li><li data-start=\"2339\" data-end=\"2608\"><p data-start=\"2341\" data-end=\"2608\">Besondere Kategorien personenbezogener Daten i. S. d. Art. 9 DSGVO (z. B. ethnische Herkunft, politische Meinungen, religi\u00f6se \u00dcberzeugungen, Gewerkschaftszugeh\u00f6rigkeit, genetische Daten, biometrische Daten, Gesundheitsdaten, Sexualleben oder sexuelle Orientierung).<\/p><\/li><\/ul><p data-start=\"2610\" data-end=\"2721\">F\u00fcr die Verarbeitung besonderer Kategorien ist stets die ausdr\u00fcckliche Einwilligung des Nutzers erforderlich.<\/p><h3 data-start=\"2723\" data-end=\"2765\">Rechtsgrundlage f\u00fcr die Verarbeitung<\/h3><p data-start=\"2767\" data-end=\"2946\">Die Rechtsgrundlage f\u00fcr die Verarbeitung ist die Einwilligung des Nutzers. Diese kann jederzeit widerrufen werden, ohne dass die Nutzung der Website dadurch beeintr\u00e4chtigt wird.<\/p><h3 data-start=\"2948\" data-end=\"2977\">Zwecke der Verarbeitung<\/h3><p data-start=\"2979\" data-end=\"3014\">Die Daten werden verarbeitet, um:<\/p><ul data-start=\"3015\" data-end=\"3282\"><li data-start=\"3015\" data-end=\"3112\"><p data-start=\"3017\" data-end=\"3112\">die Erf\u00fcllung der vertraglichen Verpflichtungen zwischen Website und Nutzer zu gew\u00e4hrleisten,<\/p><\/li><li data-start=\"3113\" data-end=\"3141\"><p data-start=\"3115\" data-end=\"3141\">Anfragen zu beantworten,<\/p><\/li><li data-start=\"3142\" data-end=\"3207\"><p data-start=\"3144\" data-end=\"3207\">Marketingzwecke, Statistiken und Personalisierung umzusetzen,<\/p><\/li><li data-start=\"3208\" data-end=\"3282\"><p data-start=\"3210\" data-end=\"3282\">die Qualit\u00e4t, Funktionsweise und Navigation der Website zu verbessern.<\/p><\/li><\/ul><h3 data-start=\"3284\" data-end=\"3303\">Speicherdauer<\/h3><p data-start=\"3305\" data-end=\"3450\">Die personenbezogenen Daten werden nur so lange aufbewahrt, wie es f\u00fcr den Zweck erforderlich ist, oder bis der Nutzer ihre L\u00f6schung beantragt.<\/p><h3 data-start=\"3452\" data-end=\"3477\">Empf\u00e4nger der Daten<\/h3><p data-start=\"3479\" data-end=\"3696\">Die personenbezogenen Daten werden grunds\u00e4tzlich nicht an Dritte weitergegeben. Falls eine \u00dcbermittlung an ein Drittland oder eine internationale Organisation vorgesehen ist, wird der Nutzer entsprechend informiert.<\/p><h3 data-start=\"3698\" data-end=\"3728\">Daten von Minderj\u00e4hrigen<\/h3><p data-start=\"3730\" data-end=\"3926\">Nur Nutzer \u00fcber 14 Jahren k\u00f6nnen ihre Einwilligung zur Verarbeitung personenbezogener Daten erteilen. Bei j\u00fcngeren Nutzern ist die Zustimmung der Eltern oder Erziehungsberechtigten erforderlich.<\/p><h3 data-start=\"3928\" data-end=\"3964\">Sicherheit und Vertraulichkeit<\/h3><p data-start=\"3966\" data-end=\"4312\">Die Website verf\u00fcgt \u00fcber ein SSL-Zertifikat, das eine sichere und verschl\u00fcsselte Daten\u00fcbertragung gew\u00e4hrleistet. Trotz technischer Ma\u00dfnahmen kann keine absolute Sicherheit im Internet garantiert werden. Im Falle einer Verletzung des Schutzes personenbezogener Daten verpflichtet sich der Verantwortliche, den Nutzer unverz\u00fcglich zu informieren.<\/p><p data-start=\"4314\" data-end=\"4477\">Die Daten werden vertraulich behandelt, und der Verantwortliche verpflichtet sich, seine Mitarbeiter und Partner zur Wahrung der Vertraulichkeit zu verpflichten.<\/p><h3 data-start=\"4479\" data-end=\"4502\">Rechte der Nutzer<\/h3><p data-start=\"4504\" data-end=\"4546\">Der Nutzer kann folgende Rechte aus\u00fcben:<\/p><ul data-start=\"4547\" data-end=\"4887\"><li data-start=\"4547\" data-end=\"4569\"><p data-start=\"4549\" data-end=\"4569\"><strong data-start=\"4549\" data-end=\"4567\">Auskunftsrecht<\/strong><\/p><\/li><li data-start=\"4570\" data-end=\"4600\"><p data-start=\"4572\" data-end=\"4600\"><strong data-start=\"4572\" data-end=\"4598\">Recht auf Berichtigung<\/strong><\/p><\/li><li data-start=\"4601\" data-end=\"4655\"><p data-start=\"4603\" data-end=\"4655\"><strong data-start=\"4603\" data-end=\"4655\">Recht auf L\u00f6schung (\u201eRecht auf Vergessenwerden\u201c)<\/strong><\/p><\/li><li data-start=\"4656\" data-end=\"4704\"><p data-start=\"4658\" data-end=\"4704\"><strong data-start=\"4658\" data-end=\"4702\">Recht auf Einschr\u00e4nkung der Verarbeitung<\/strong><\/p><\/li><li data-start=\"4705\" data-end=\"4743\"><p data-start=\"4707\" data-end=\"4743\"><strong data-start=\"4707\" data-end=\"4741\">Recht auf Daten\u00fcbertragbarkeit<\/strong><\/p><\/li><li data-start=\"4744\" data-end=\"4769\"><p data-start=\"4746\" data-end=\"4769\"><strong data-start=\"4746\" data-end=\"4767\">Widerspruchsrecht<\/strong><\/p><\/li><li data-start=\"4770\" data-end=\"4887\"><p data-start=\"4772\" data-end=\"4887\"><strong data-start=\"4772\" data-end=\"4885\">Recht, nicht ausschlie\u00dflich einer automatisierten Entscheidung einschlie\u00dflich Profiling unterworfen zu werden<\/strong><\/p><\/li><\/ul><p data-start=\"4889\" data-end=\"5130\">Zur Aus\u00fcbung dieser Rechte muss der Nutzer einen schriftlichen Antrag mit Betreff \u201eDSGVO-hotelvillamiel.com\u201c an den Verantwortlichen senden, einschlie\u00dflich Identit\u00e4tsnachweis, Begr\u00fcndung, Adresse f\u00fcr Benachrichtigungen, Datum und Unterschrift.<\/p><p data-start=\"5132\" data-end=\"5198\">Adresse: Avda. Cristobal Colon 92 07560 Cala Millor Mallorca<br data-start=\"5165\" data-end=\"5168\" \/>E-Mail: info@hotelvillamiel.com<\/p><h3 data-start=\"5200\" data-end=\"5242\">Beschwerden bei der Aufsichtsbeh\u00f6rde<\/h3><p data-start=\"5244\" data-end=\"5428\">Der Nutzer hat das Recht, eine Beschwerde bei der zust\u00e4ndigen Datenschutzbeh\u00f6rde einzureichen. In Spanien ist dies die Agencia Espa\u00f1ola de Protecci\u00f3n de Datos (<a class=\"decorated-link\" href=\"https:\/\/www.aepd.es\/?utm_source=chatgpt.com\" target=\"_new\" rel=\"noopener\" data-start=\"5404\" data-end=\"5424\">https:\/\/www.aepd.es\/<\/a>).<\/p><hr data-start=\"5430\" data-end=\"5433\" \/><h2 data-start=\"5435\" data-end=\"5494\">II. ANNAHME UND \u00c4NDERUNGEN DIESER DATENSCHUTZERKL\u00c4RUNG<\/h2><p data-start=\"5496\" data-end=\"5573\">Die Nutzung der Website impliziert die Annahme dieser Datenschutzerkl\u00e4rung.<\/p><p data-start=\"5575\" data-end=\"5862\">Alojamientos Tur\u00edsticos beh\u00e4lt sich das Recht vor, die Erkl\u00e4rung jederzeit aufgrund von Gesetzes\u00e4nderungen, Rechtsprechung oder Vorgaben der spanischen Datenschutzbeh\u00f6rde zu \u00e4ndern. \u00c4nderungen werden nicht ausdr\u00fccklich mitgeteilt; es wird empfohlen, die Seite regelm\u00e4\u00dfig zu \u00fcberpr\u00fcfen.<\/p><p data-start=\"5864\" data-end=\"5993\">Diese Datenschutzerkl\u00e4rung wurde zuletzt am 17.07.2024 aktualisiert, um sie an die DSGVO und das Organgesetz 3\/2018 anzupassen.<\/p>\t\t\t\t\t\t\t\t<\/div>\n\t\t\t\t<\/div>\n\t\t\t\t<\/div>\n\t\t\t\t\t<\/div>\n\t\t\t\t<\/div>\n\t\t\t\t<\/div>\n\t\t","protected":false},"excerpt":{"rendered":"<p>DATENSCHUTZERKL\u00c4RUNG DER WEBSITE I. DATENSCHUTZRICHTLINIE UND DATENSCHUTZ Unter Beachtung der geltenden gesetzlichen Bestimmungen verpflichtet sich Alojamientos Tur\u00edsticos (im Folgenden auch \u201eWebsite\u201c genannt), die erforderlichen technischen und organisatorischen Ma\u00dfnahmen zu ergreifen, die dem Sicherheitsniveau entsprechen, das dem Risiko der erhobenen Daten angemessen ist. Rechtsgrundlagen dieser Datenschutzrichtlinie Diese Datenschutzrichtlinie ist an die geltenden spanischen und europ\u00e4ischen Vorschriften [&hellip;]<\/p>\n","protected":false},"author":1,"featured_media":0,"parent":0,"menu_order":0,"comment_status":"closed","ping_status":"closed","template":"elementor_header_footer","meta":{"footnotes":""},"class_list":["post-61","page","type-page","status-publish","hentry"],"yoast_head":"<!-- This site is optimized with the Yoast SEO plugin v27.5 - https:\/\/yoast.com\/product\/yoast-seo-wordpress\/ -->\n<title>Datenschutzerkl\u00e4rung - Hotel Villa Miel in Cala Millor auf Mallorca<\/title>\n<meta name=\"robots\" content=\"index, follow, max-snippet:-1, max-image-preview:large, max-video-preview:-1\" \/>\n<link rel=\"canonical\" href=\"https:\/\/hotelvillamiel.com\/de\/datenschutzerklarung\/\" \/>\n<meta property=\"og:locale\" content=\"es_ES\" \/>\n<meta property=\"og:type\" content=\"article\" \/>\n<meta property=\"og:title\" content=\"Datenschutzerkl\u00e4rung - Hotel Villa Miel in Cala Millor auf Mallorca\" \/>\n<meta property=\"og:description\" content=\"DATENSCHUTZERKL\u00c4RUNG DER WEBSITE I. DATENSCHUTZRICHTLINIE UND DATENSCHUTZ Unter Beachtung der geltenden gesetzlichen Bestimmungen verpflichtet sich Alojamientos Tur\u00edsticos (im Folgenden auch \u201eWebsite\u201c genannt), die erforderlichen technischen und organisatorischen Ma\u00dfnahmen zu ergreifen, die dem Sicherheitsniveau entsprechen, das dem Risiko der erhobenen Daten angemessen ist. Rechtsgrundlagen dieser Datenschutzrichtlinie Diese Datenschutzrichtlinie ist an die geltenden spanischen und europ\u00e4ischen Vorschriften [&hellip;]\" \/>\n<meta property=\"og:url\" content=\"https:\/\/hotelvillamiel.com\/de\/datenschutzerklarung\/\" \/>\n<meta property=\"og:site_name\" content=\"Hotel Villa Miel in Cala Millor auf Mallorca\" \/>\n<meta property=\"article:modified_time\" content=\"2025-09-03T15:27:04+00:00\" \/>\n<meta name=\"twitter:card\" content=\"summary_large_image\" \/>\n<meta name=\"twitter:label1\" content=\"Tiempo de lectura\" \/>\n\t<meta name=\"twitter:data1\" content=\"3 minutos\" \/>\n<script type=\"application\/ld+json\" class=\"yoast-schema-graph\">{\"@context\":\"https:\\\/\\\/schema.org\",\"@graph\":[{\"@type\":\"WebPage\",\"@id\":\"https:\\\/\\\/hotelvillamiel.com\\\/de\\\/datenschutzerklarung\\\/\",\"url\":\"https:\\\/\\\/hotelvillamiel.com\\\/de\\\/datenschutzerklarung\\\/\",\"name\":\"Datenschutzerkl\u00e4rung - Hotel Villa Miel in Cala Millor auf Mallorca\",\"isPartOf\":{\"@id\":\"https:\\\/\\\/hotelvillamiel.com\\\/de\\\/#website\"},\"datePublished\":\"2024-07-17T08:40:02+00:00\",\"dateModified\":\"2025-09-03T15:27:04+00:00\",\"breadcrumb\":{\"@id\":\"https:\\\/\\\/hotelvillamiel.com\\\/de\\\/datenschutzerklarung\\\/#breadcrumb\"},\"inLanguage\":\"es\",\"potentialAction\":[{\"@type\":\"ReadAction\",\"target\":[\"https:\\\/\\\/hotelvillamiel.com\\\/de\\\/datenschutzerklarung\\\/\"]}]},{\"@type\":\"BreadcrumbList\",\"@id\":\"https:\\\/\\\/hotelvillamiel.com\\\/de\\\/datenschutzerklarung\\\/#breadcrumb\",\"itemListElement\":[{\"@type\":\"ListItem\",\"position\":1,\"name\":\"Portada\",\"item\":\"https:\\\/\\\/hotelvillamiel.com\\\/de\\\/\"},{\"@type\":\"ListItem\",\"position\":2,\"name\":\"Datenschutzerkl\u00e4rung\"}]},{\"@type\":\"WebSite\",\"@id\":\"https:\\\/\\\/hotelvillamiel.com\\\/de\\\/#website\",\"url\":\"https:\\\/\\\/hotelvillamiel.com\\\/de\\\/\",\"name\":\"Hotel Villa Miel in Cala Millor auf Mallorca\",\"description\":\"Web Oficial - Mejor precio Garantizado\",\"publisher\":{\"@id\":\"https:\\\/\\\/hotelvillamiel.com\\\/de\\\/#organization\"},\"potentialAction\":[{\"@type\":\"SearchAction\",\"target\":{\"@type\":\"EntryPoint\",\"urlTemplate\":\"https:\\\/\\\/hotelvillamiel.com\\\/de\\\/?s={search_term_string}\"},\"query-input\":{\"@type\":\"PropertyValueSpecification\",\"valueRequired\":true,\"valueName\":\"search_term_string\"}}],\"inLanguage\":\"es\"},{\"@type\":\"Organization\",\"@id\":\"https:\\\/\\\/hotelvillamiel.com\\\/de\\\/#organization\",\"name\":\"Hotel Villa Miel in Cala Millor auf Mallorca\",\"url\":\"https:\\\/\\\/hotelvillamiel.com\\\/de\\\/\",\"logo\":{\"@type\":\"ImageObject\",\"inLanguage\":\"es\",\"@id\":\"https:\\\/\\\/hotelvillamiel.com\\\/de\\\/#\\\/schema\\\/logo\\\/image\\\/\",\"url\":\"https:\\\/\\\/hotelvillamiel.com\\\/de\\\/wp-content\\\/uploads\\\/sites\\\/3\\\/logo-hotel-villa-miel-en-mallorca.webp\",\"contentUrl\":\"https:\\\/\\\/hotelvillamiel.com\\\/de\\\/wp-content\\\/uploads\\\/sites\\\/3\\\/logo-hotel-villa-miel-en-mallorca.webp\",\"width\":350,\"height\":134,\"caption\":\"Hotel Villa Miel in Cala Millor auf Mallorca\"},\"image\":{\"@id\":\"https:\\\/\\\/hotelvillamiel.com\\\/de\\\/#\\\/schema\\\/logo\\\/image\\\/\"}}]}<\/script>\n<!-- \/ Yoast SEO plugin. -->","yoast_head_json":{"title":"Datenschutzerkl\u00e4rung - Hotel Villa Miel in Cala Millor auf Mallorca","robots":{"index":"index","follow":"follow","max-snippet":"max-snippet:-1","max-image-preview":"max-image-preview:large","max-video-preview":"max-video-preview:-1"},"canonical":"https:\/\/hotelvillamiel.com\/de\/datenschutzerklarung\/","og_locale":"es_ES","og_type":"article","og_title":"Datenschutzerkl\u00e4rung - Hotel Villa Miel in Cala Millor auf Mallorca","og_description":"DATENSCHUTZERKL\u00c4RUNG DER WEBSITE I. DATENSCHUTZRICHTLINIE UND DATENSCHUTZ Unter Beachtung der geltenden gesetzlichen Bestimmungen verpflichtet sich Alojamientos Tur\u00edsticos (im Folgenden auch \u201eWebsite\u201c genannt), die erforderlichen technischen und organisatorischen Ma\u00dfnahmen zu ergreifen, die dem Sicherheitsniveau entsprechen, das dem Risiko der erhobenen Daten angemessen ist. Rechtsgrundlagen dieser Datenschutzrichtlinie Diese Datenschutzrichtlinie ist an die geltenden spanischen und europ\u00e4ischen Vorschriften [&hellip;]","og_url":"https:\/\/hotelvillamiel.com\/de\/datenschutzerklarung\/","og_site_name":"Hotel Villa Miel in Cala Millor auf Mallorca","article_modified_time":"2025-09-03T15:27:04+00:00","twitter_card":"summary_large_image","twitter_misc":{"Tiempo de lectura":"3 minutos"},"schema":{"@context":"https:\/\/schema.org","@graph":[{"@type":"WebPage","@id":"https:\/\/hotelvillamiel.com\/de\/datenschutzerklarung\/","url":"https:\/\/hotelvillamiel.com\/de\/datenschutzerklarung\/","name":"Datenschutzerkl\u00e4rung - Hotel Villa Miel in Cala Millor auf Mallorca","isPartOf":{"@id":"https:\/\/hotelvillamiel.com\/de\/#website"},"datePublished":"2024-07-17T08:40:02+00:00","dateModified":"2025-09-03T15:27:04+00:00","breadcrumb":{"@id":"https:\/\/hotelvillamiel.com\/de\/datenschutzerklarung\/#breadcrumb"},"inLanguage":"es","potentialAction":[{"@type":"ReadAction","target":["https:\/\/hotelvillamiel.com\/de\/datenschutzerklarung\/"]}]},{"@type":"BreadcrumbList","@id":"https:\/\/hotelvillamiel.com\/de\/datenschutzerklarung\/#breadcrumb","itemListElement":[{"@type":"ListItem","position":1,"name":"Portada","item":"https:\/\/hotelvillamiel.com\/de\/"},{"@type":"ListItem","position":2,"name":"Datenschutzerkl\u00e4rung"}]},{"@type":"WebSite","@id":"https:\/\/hotelvillamiel.com\/de\/#website","url":"https:\/\/hotelvillamiel.com\/de\/","name":"Hotel Villa Miel in Cala Millor auf Mallorca","description":"Web Oficial - Mejor precio Garantizado","publisher":{"@id":"https:\/\/hotelvillamiel.com\/de\/#organization"},"potentialAction":[{"@type":"SearchAction","target":{"@type":"EntryPoint","urlTemplate":"https:\/\/hotelvillamiel.com\/de\/?s={search_term_string}"},"query-input":{"@type":"PropertyValueSpecification","valueRequired":true,"valueName":"search_term_string"}}],"inLanguage":"es"},{"@type":"Organization","@id":"https:\/\/hotelvillamiel.com\/de\/#organization","name":"Hotel Villa Miel in Cala Millor auf Mallorca","url":"https:\/\/hotelvillamiel.com\/de\/","logo":{"@type":"ImageObject","inLanguage":"es","@id":"https:\/\/hotelvillamiel.com\/de\/#\/schema\/logo\/image\/","url":"https:\/\/hotelvillamiel.com\/de\/wp-content\/uploads\/sites\/3\/logo-hotel-villa-miel-en-mallorca.webp","contentUrl":"https:\/\/hotelvillamiel.com\/de\/wp-content\/uploads\/sites\/3\/logo-hotel-villa-miel-en-mallorca.webp","width":350,"height":134,"caption":"Hotel Villa Miel in Cala Millor auf Mallorca"},"image":{"@id":"https:\/\/hotelvillamiel.com\/de\/#\/schema\/logo\/image\/"}}]}},"_links":{"self":[{"href":"https:\/\/hotelvillamiel.com\/de\/wp-json\/wp\/v2\/pages\/61","targetHints":{"allow":["GET"]}}],"collection":[{"href":"https:\/\/hotelvillamiel.com\/de\/wp-json\/wp\/v2\/pages"}],"about":[{"href":"https:\/\/hotelvillamiel.com\/de\/wp-json\/wp\/v2\/types\/page"}],"author":[{"embeddable":true,"href":"https:\/\/hotelvillamiel.com\/de\/wp-json\/wp\/v2\/users\/1"}],"replies":[{"embeddable":true,"href":"https:\/\/hotelvillamiel.com\/de\/wp-json\/wp\/v2\/comments?post=61"}],"version-history":[{"count":5,"href":"https:\/\/hotelvillamiel.com\/de\/wp-json\/wp\/v2\/pages\/61\/revisions"}],"predecessor-version":[{"id":2619,"href":"https:\/\/hotelvillamiel.com\/de\/wp-json\/wp\/v2\/pages\/61\/revisions\/2619"}],"wp:attachment":[{"href":"https:\/\/hotelvillamiel.com\/de\/wp-json\/wp\/v2\/media?parent=61"}],"curies":[{"name":"wp","href":"https:\/\/api.w.org\/{rel}","templated":true}]}}