{"id":67,"date":"2024-07-17T11:04:24","date_gmt":"2024-07-17T09:04:24","guid":{"rendered":"https:\/\/hotelvillamiel.com\/?page_id=67"},"modified":"2025-09-03T17:25:22","modified_gmt":"2025-09-03T15:25:22","slug":"rechtlicher-hinweis","status":"publish","type":"page","link":"https:\/\/hotelvillamiel.com\/de\/rechtlicher-hinweis\/","title":{"rendered":"Rechtlicher Hinweis"},"content":{"rendered":"\t\t<div data-elementor-type=\"wp-page\" data-elementor-id=\"67\" class=\"elementor elementor-67\" data-elementor-post-type=\"page\">\n\t\t\t\t<div class=\"elementor-element elementor-element-26f6002 e-flex e-con-boxed e-con e-parent\" data-id=\"26f6002\" data-element_type=\"container\" data-e-type=\"container\">\n\t\t\t\t\t<div class=\"e-con-inner\">\n\t\t<div class=\"elementor-element elementor-element-36ce598 e-con-full e-flex e-con e-child\" data-id=\"36ce598\" data-element_type=\"container\" data-e-type=\"container\">\n\t\t\t\t<div class=\"elementor-element elementor-element-f0be4bc elementor-widget elementor-widget-text-editor\" data-id=\"f0be4bc\" data-element_type=\"widget\" data-e-type=\"widget\" data-widget_type=\"text-editor.default\">\n\t\t\t\t<div class=\"elementor-widget-container\">\n\t\t\t\t\t\t\t\t\t<h2 data-start=\"74\" data-end=\"132\">RECHTLICHER HINWEIS UND ALLGEMEINE NUTZUNGSBEDINGUNGEN<\/h2><p data-start=\"133\" data-end=\"149\">hotelvillamiel.com<\/p><h2 data-start=\"151\" data-end=\"180\">ALLGEMEINE INFORMATIONEN<\/h2><p data-start=\"182\" data-end=\"431\">In Erf\u00fcllung der Informationspflicht gem\u00e4\u00df Gesetz 34\/2002 \u00fcber Dienste der Informationsgesellschaft und des elektronischen Gesch\u00e4ftsverkehrs (LSSI-CE) vom 11. Juli werden nachfolgend die allgemeinen Informationen \u00fcber diese Website bereitgestellt:<\/p><p data-start=\"433\" data-end=\"558\">Der Inhaber dieser Website, hotelvillamiel.com, (im Folgenden: die \u201eWebsite\u201c) ist: , mit NIF: , und dessen Kontaktdaten lauten:<\/p><p data-start=\"560\" data-end=\"782\">Der Inhaber dieser Website, hotelvillamiel.com, (im Folgenden: die \u201eWebsite\u201c) ist: Hotel Villa Miel S.L., mit NIF: B07655921 und eingetragen im:  mit folgenden Registrierungsdaten:<\/p><p data-start=\"784\" data-end=\"950\">Vertreten durch: Ant\u00f2nia Iturbide<br data-start=\"828\" data-end=\"831\" \/>Kontakt:<br data-start=\"839\" data-end=\"842\" \/>Adresse: Avda. Cristobal Colon 92 07560 Cala Millor Mallorca<br data-start=\"875\" data-end=\"878\" \/>Telefon: +34649825572<br data-start=\"910\" data-end=\"913\" \/>Fax:<br data-start=\"917\" data-end=\"920\" \/>E-Mail: info@hotelvillamiel.com<\/p><hr data-start=\"952\" data-end=\"955\" \/><h2 data-start=\"957\" data-end=\"992\">ALLGEMEINE NUTZUNGSBEDINGUNGEN<\/h2><h3 data-start=\"994\" data-end=\"1034\">Zweck der Bedingungen: Die Website<\/h3><p data-start=\"1035\" data-end=\"1572\">Der Zweck dieser Allgemeinen Nutzungsbedingungen (im Folgenden: die \u201eBedingungen\u201c) ist die Regelung des Zugangs zu und der Nutzung der Website. Unter \u201eWebsite\u201c versteht man: das \u00e4u\u00dfere Erscheinungsbild der Bildschirmoberfl\u00e4chen \u2013 sowohl statisch als auch dynamisch \u2013 d. h. die Navigationsstruktur; sowie alle Elemente, die sowohl in die Oberfl\u00e4chen als auch in die Navigationsstruktur integriert sind (im Folgenden: \u201eInhalte\u201c) und alle Online-Dienste oder -Ressourcen, die den Nutzern angeboten werden k\u00f6nnen (im Folgenden: \u201eDienste\u201c).<\/p><p data-start=\"1574\" data-end=\"1939\">Hotel Villa Miel S.L. beh\u00e4lt sich das Recht vor, jederzeit und ohne vorherige Ank\u00fcndigung die Pr\u00e4sentation und Konfiguration der Website sowie die darin enthaltenen Inhalte und Dienste zu \u00e4ndern. Der Nutzer erkennt an und akzeptiert, dass Hotel Villa Miel S.L. jederzeit den Zugriff auf diese Elemente unterbrechen, deaktivieren und\/oder l\u00f6schen kann.<\/p><p data-start=\"1941\" data-end=\"2174\">Der Zugang zur Website ist f\u00fcr den Nutzer kostenlos und erfordert im Allgemeinen keine Gegenleistung, mit Ausnahme der Verbindungskosten \u00fcber das Telekommunikationsnetz, das vom vom Nutzer beauftragten Anbieter bereitgestellt wird.<\/p><p data-start=\"2176\" data-end=\"2568\">Abgesehen von den Verbindungskosten \u00fcber das Telekommunikationsnetz k\u00f6nnen einige Inhalte oder Dienste von Hotel Villa Miel S.L. oder gegebenenfalls von Dritten \u00fcber die Website einer vorherigen vertraglichen Vereinbarung unterliegen. In diesem Fall wird dies klar angegeben und\/oder die entsprechenden Allgemeinen oder Besonderen Bedingungen werden dem Nutzer zur Verf\u00fcgung gestellt.<\/p><p data-start=\"2570\" data-end=\"2675\">Die Nutzung bestimmter Inhalte oder Dienste kann eine vorherige Anmeldung oder Registrierung erfordern.<\/p><hr data-start=\"2677\" data-end=\"2680\" \/><h3 data-start=\"2682\" data-end=\"2698\">Der Nutzer<\/h3><p data-start=\"2699\" data-end=\"3114\">Durch den Zugriff auf, das Navigieren auf und die Nutzung der Website sowie die Interaktion in den daf\u00fcr vorgesehenen Bereichen (z. B. Kommentare, Blogs) erlangt die Person den Status \u201eNutzer\u201c. Ab dem Zeitpunkt des Beginns der Navigation akzeptiert der Nutzer alle hierin festgelegten Bedingungen, einschlie\u00dflich zuk\u00fcnftiger \u00c4nderungen. Daher wird empfohlen, die Bedingungen bei jedem Besuch der Website zu lesen.<\/p><p data-start=\"3116\" data-end=\"3337\">Der Nutzer ist verpflichtet, die Informationen, Inhalte und Dienste von Hotel Villa Miel S.L. rechtm\u00e4\u00dfig zu verwenden, die Rechte Dritter nicht zu verletzen und keine Sch\u00e4den am Betrieb der Website zu verursachen.<\/p><p data-start=\"3339\" data-end=\"3606\">Hotel Villa Miel S.L. beh\u00e4lt sich das Recht vor, alle Kommentare oder Beitr\u00e4ge zu entfernen, die gegen geltendes Recht, die Menschenw\u00fcrde, die \u00f6ffentliche Ordnung versto\u00dfen oder diskriminierend, rassistisch, pornografisch, spammend oder jugendgef\u00e4hrdend sind.<\/p><p data-start=\"3608\" data-end=\"3732\">Allein der Zugriff auf die Website begr\u00fcndet keine Gesch\u00e4ftsbeziehung zwischen Hotel Villa Miel S.L. und dem Nutzer.<\/p><p data-start=\"3734\" data-end=\"3946\">Die Website richtet sich haupts\u00e4chlich an Nutzer mit Wohnsitz in Spanien. Hotel Villa Miel S.L. \u00fcbernimmt keine Gew\u00e4hr daf\u00fcr, dass die Website (ganz oder teilweise) den Gesetzen anderer L\u00e4nder entspricht.<\/p><hr data-start=\"3948\" data-end=\"3951\" \/><h2 data-start=\"3953\" data-end=\"4020\">III. ZUGANG UND NAVIGATION AUF DER WEBSITE: HAFTUNGSAUSSCHLUSS<\/h2><p data-start=\"4022\" data-end=\"4427\">Hotel Villa Miel S.L. garantiert weder die Kontinuit\u00e4t noch die Verf\u00fcgbarkeit oder N\u00fctzlichkeit der Website, ihrer Inhalte oder Dienste. Obwohl alles darangesetzt wird, die ordnungsgem\u00e4\u00dfe Funktion sicherzustellen, \u00fcbernimmt Hotel Villa Miel S.L. keine Verantwortung f\u00fcr Unterbrechungen, Fehler, Viren oder Sch\u00e4den an Computersystemen, die durch den Zugriff oder die Nutzung entstehen k\u00f6nnen.<\/p><hr data-start=\"4429\" data-end=\"4432\" \/><h2 data-start=\"4434\" data-end=\"4454\">LINK-RICHTLINIE<\/h2><p data-start=\"4456\" data-end=\"4746\">Die Website kann Links zu Websites Dritter enthalten. Diese dienen ausschlie\u00dflich der Information. Hotel Villa Miel S.L. hat keine Kontrolle \u00fcber solche Seiten, bietet deren Inhalte nicht an und \u00fcbernimmt keine Verantwortung f\u00fcr deren Rechtm\u00e4\u00dfigkeit, Genauigkeit oder Verf\u00fcgbarkeit.<\/p><p data-start=\"4748\" data-end=\"4963\">Das Einrichten eines Links zur Website impliziert keine Beziehung zu Hotel Villa Miel S.L., und es ist untersagt, Inhalte ohne Genehmigung ganz oder teilweise zu reproduzieren oder falsche Angaben zu machen.<\/p><hr data-start=\"4965\" data-end=\"4968\" \/><h2 data-start=\"4970\" data-end=\"5010\">GEISTIGES UND GEWERBLICHES EIGENTUM<\/h2><p data-start=\"5012\" data-end=\"5254\">Alle geistigen und gewerblichen Eigentumsrechte an der Website und ihren Inhalten geh\u00f6ren Hotel Villa Miel S.L.. Eine Vervielf\u00e4ltigung, Verbreitung oder \u00f6ffentliche Wiedergabe ohne ausdr\u00fcckliche Genehmigung ist ausdr\u00fccklich untersagt.<\/p><p data-start=\"5256\" data-end=\"5425\">Der Nutzer darf die Inhalte ausschlie\u00dflich f\u00fcr den privaten Gebrauch ansehen, kopieren oder speichern, ohne dabei Schutzmechanismen oder Sicherheitssysteme zu umgehen.<\/p><hr data-start=\"5427\" data-end=\"5430\" \/><h2 data-start=\"5432\" data-end=\"5495\">RECHTLICHE SCHRITTE, ANWENDBARES RECHT UND GERICHTSBARKEIT<\/h2><p data-start=\"5497\" data-end=\"5633\">Hotel Villa Miel S.L. beh\u00e4lt sich das Recht vor, zivil- oder strafrechtliche Schritte einzuleiten, die es f\u00fcr erforderlich h\u00e4lt.<\/p><p data-start=\"5635\" data-end=\"5888\">Die Beziehung zwischen Nutzer und Hotel Villa Miel S.L. unterliegt dem spanischen Recht. Bei Streitigkeiten \u00fcber die Auslegung oder Anwendung dieser Bedingungen unterwerfen sich die Parteien der zust\u00e4ndigen Gerichtsbarkeit gem\u00e4\u00df geltendem Recht.<\/p>\t\t\t\t\t\t\t\t<\/div>\n\t\t\t\t<\/div>\n\t\t\t\t<\/div>\n\t\t\t\t\t<\/div>\n\t\t\t\t<\/div>\n\t\t\t\t<\/div>\n\t\t","protected":false},"excerpt":{"rendered":"<p>RECHTLICHER HINWEIS UND ALLGEMEINE NUTZUNGSBEDINGUNGEN ALLGEMEINE INFORMATIONEN In Erf\u00fcllung der Informationspflicht gem\u00e4\u00df Gesetz 34\/2002 \u00fcber Dienste der Informationsgesellschaft und des elektronischen Gesch\u00e4ftsverkehrs (LSSI-CE) vom 11. Juli werden nachfolgend die allgemeinen Informationen \u00fcber diese Website bereitgestellt: Der Inhaber dieser Website, , (im Folgenden: die \u201eWebsite\u201c) ist: , mit NIF: , und dessen Kontaktdaten lauten: Der Inhaber [&hellip;]<\/p>\n","protected":false},"author":1,"featured_media":0,"parent":0,"menu_order":0,"comment_status":"closed","ping_status":"closed","template":"elementor_header_footer","meta":{"footnotes":""},"class_list":["post-67","page","type-page","status-publish","hentry"],"yoast_head":"<!-- This site is optimized with the Yoast SEO plugin v27.5 - https:\/\/yoast.com\/product\/yoast-seo-wordpress\/ -->\n<title>Rechtlicher Hinweis - Hotel Villa Miel in Cala Millor auf Mallorca<\/title>\n<meta name=\"robots\" content=\"index, follow, max-snippet:-1, max-image-preview:large, max-video-preview:-1\" \/>\n<link rel=\"canonical\" href=\"https:\/\/hotelvillamiel.com\/de\/rechtlicher-hinweis\/\" \/>\n<meta property=\"og:locale\" content=\"es_ES\" \/>\n<meta property=\"og:type\" content=\"article\" \/>\n<meta property=\"og:title\" content=\"Rechtlicher Hinweis - Hotel Villa Miel in Cala Millor auf Mallorca\" \/>\n<meta property=\"og:description\" content=\"RECHTLICHER HINWEIS UND ALLGEMEINE NUTZUNGSBEDINGUNGEN ALLGEMEINE INFORMATIONEN In Erf\u00fcllung der Informationspflicht gem\u00e4\u00df Gesetz 34\/2002 \u00fcber Dienste der Informationsgesellschaft und des elektronischen Gesch\u00e4ftsverkehrs (LSSI-CE) vom 11. Juli werden nachfolgend die allgemeinen Informationen \u00fcber diese Website bereitgestellt: Der Inhaber dieser Website, , (im Folgenden: die \u201eWebsite\u201c) ist: , mit NIF: , und dessen Kontaktdaten lauten: Der Inhaber [&hellip;]\" \/>\n<meta property=\"og:url\" content=\"https:\/\/hotelvillamiel.com\/de\/rechtlicher-hinweis\/\" \/>\n<meta property=\"og:site_name\" content=\"Hotel Villa Miel in Cala Millor auf Mallorca\" \/>\n<meta property=\"article:modified_time\" content=\"2025-09-03T15:25:22+00:00\" \/>\n<meta name=\"twitter:card\" content=\"summary_large_image\" \/>\n<meta name=\"twitter:label1\" content=\"Tiempo de lectura\" \/>\n\t<meta name=\"twitter:data1\" content=\"4 minutos\" \/>\n<script type=\"application\/ld+json\" class=\"yoast-schema-graph\">{\"@context\":\"https:\\\/\\\/schema.org\",\"@graph\":[{\"@type\":\"WebPage\",\"@id\":\"https:\\\/\\\/hotelvillamiel.com\\\/de\\\/rechtlicher-hinweis\\\/\",\"url\":\"https:\\\/\\\/hotelvillamiel.com\\\/de\\\/rechtlicher-hinweis\\\/\",\"name\":\"Rechtlicher Hinweis - Hotel Villa Miel in Cala Millor auf Mallorca\",\"isPartOf\":{\"@id\":\"https:\\\/\\\/hotelvillamiel.com\\\/de\\\/#website\"},\"datePublished\":\"2024-07-17T09:04:24+00:00\",\"dateModified\":\"2025-09-03T15:25:22+00:00\",\"breadcrumb\":{\"@id\":\"https:\\\/\\\/hotelvillamiel.com\\\/de\\\/rechtlicher-hinweis\\\/#breadcrumb\"},\"inLanguage\":\"es\",\"potentialAction\":[{\"@type\":\"ReadAction\",\"target\":[\"https:\\\/\\\/hotelvillamiel.com\\\/de\\\/rechtlicher-hinweis\\\/\"]}]},{\"@type\":\"BreadcrumbList\",\"@id\":\"https:\\\/\\\/hotelvillamiel.com\\\/de\\\/rechtlicher-hinweis\\\/#breadcrumb\",\"itemListElement\":[{\"@type\":\"ListItem\",\"position\":1,\"name\":\"Portada\",\"item\":\"https:\\\/\\\/hotelvillamiel.com\\\/de\\\/\"},{\"@type\":\"ListItem\",\"position\":2,\"name\":\"Rechtlicher Hinweis\"}]},{\"@type\":\"WebSite\",\"@id\":\"https:\\\/\\\/hotelvillamiel.com\\\/de\\\/#website\",\"url\":\"https:\\\/\\\/hotelvillamiel.com\\\/de\\\/\",\"name\":\"Hotel Villa Miel in Cala Millor auf Mallorca\",\"description\":\"Web Oficial - Mejor precio Garantizado\",\"publisher\":{\"@id\":\"https:\\\/\\\/hotelvillamiel.com\\\/de\\\/#organization\"},\"potentialAction\":[{\"@type\":\"SearchAction\",\"target\":{\"@type\":\"EntryPoint\",\"urlTemplate\":\"https:\\\/\\\/hotelvillamiel.com\\\/de\\\/?s={search_term_string}\"},\"query-input\":{\"@type\":\"PropertyValueSpecification\",\"valueRequired\":true,\"valueName\":\"search_term_string\"}}],\"inLanguage\":\"es\"},{\"@type\":\"Organization\",\"@id\":\"https:\\\/\\\/hotelvillamiel.com\\\/de\\\/#organization\",\"name\":\"Hotel Villa Miel in Cala Millor auf Mallorca\",\"url\":\"https:\\\/\\\/hotelvillamiel.com\\\/de\\\/\",\"logo\":{\"@type\":\"ImageObject\",\"inLanguage\":\"es\",\"@id\":\"https:\\\/\\\/hotelvillamiel.com\\\/de\\\/#\\\/schema\\\/logo\\\/image\\\/\",\"url\":\"https:\\\/\\\/hotelvillamiel.com\\\/de\\\/wp-content\\\/uploads\\\/sites\\\/3\\\/logo-hotel-villa-miel-en-mallorca.webp\",\"contentUrl\":\"https:\\\/\\\/hotelvillamiel.com\\\/de\\\/wp-content\\\/uploads\\\/sites\\\/3\\\/logo-hotel-villa-miel-en-mallorca.webp\",\"width\":350,\"height\":134,\"caption\":\"Hotel Villa Miel in Cala Millor auf Mallorca\"},\"image\":{\"@id\":\"https:\\\/\\\/hotelvillamiel.com\\\/de\\\/#\\\/schema\\\/logo\\\/image\\\/\"}}]}<\/script>\n<!-- \/ Yoast SEO plugin. -->","yoast_head_json":{"title":"Rechtlicher Hinweis - Hotel Villa Miel in Cala Millor auf Mallorca","robots":{"index":"index","follow":"follow","max-snippet":"max-snippet:-1","max-image-preview":"max-image-preview:large","max-video-preview":"max-video-preview:-1"},"canonical":"https:\/\/hotelvillamiel.com\/de\/rechtlicher-hinweis\/","og_locale":"es_ES","og_type":"article","og_title":"Rechtlicher Hinweis - Hotel Villa Miel in Cala Millor auf Mallorca","og_description":"RECHTLICHER HINWEIS UND ALLGEMEINE NUTZUNGSBEDINGUNGEN ALLGEMEINE INFORMATIONEN In Erf\u00fcllung der Informationspflicht gem\u00e4\u00df Gesetz 34\/2002 \u00fcber Dienste der Informationsgesellschaft und des elektronischen Gesch\u00e4ftsverkehrs (LSSI-CE) vom 11. Juli werden nachfolgend die allgemeinen Informationen \u00fcber diese Website bereitgestellt: Der Inhaber dieser Website, , (im Folgenden: die \u201eWebsite\u201c) ist: , mit NIF: , und dessen Kontaktdaten lauten: Der Inhaber [&hellip;]","og_url":"https:\/\/hotelvillamiel.com\/de\/rechtlicher-hinweis\/","og_site_name":"Hotel Villa Miel in Cala Millor auf Mallorca","article_modified_time":"2025-09-03T15:25:22+00:00","twitter_card":"summary_large_image","twitter_misc":{"Tiempo de lectura":"4 minutos"},"schema":{"@context":"https:\/\/schema.org","@graph":[{"@type":"WebPage","@id":"https:\/\/hotelvillamiel.com\/de\/rechtlicher-hinweis\/","url":"https:\/\/hotelvillamiel.com\/de\/rechtlicher-hinweis\/","name":"Rechtlicher Hinweis - Hotel Villa Miel in Cala Millor auf Mallorca","isPartOf":{"@id":"https:\/\/hotelvillamiel.com\/de\/#website"},"datePublished":"2024-07-17T09:04:24+00:00","dateModified":"2025-09-03T15:25:22+00:00","breadcrumb":{"@id":"https:\/\/hotelvillamiel.com\/de\/rechtlicher-hinweis\/#breadcrumb"},"inLanguage":"es","potentialAction":[{"@type":"ReadAction","target":["https:\/\/hotelvillamiel.com\/de\/rechtlicher-hinweis\/"]}]},{"@type":"BreadcrumbList","@id":"https:\/\/hotelvillamiel.com\/de\/rechtlicher-hinweis\/#breadcrumb","itemListElement":[{"@type":"ListItem","position":1,"name":"Portada","item":"https:\/\/hotelvillamiel.com\/de\/"},{"@type":"ListItem","position":2,"name":"Rechtlicher Hinweis"}]},{"@type":"WebSite","@id":"https:\/\/hotelvillamiel.com\/de\/#website","url":"https:\/\/hotelvillamiel.com\/de\/","name":"Hotel Villa Miel in Cala Millor auf Mallorca","description":"Web Oficial - Mejor precio Garantizado","publisher":{"@id":"https:\/\/hotelvillamiel.com\/de\/#organization"},"potentialAction":[{"@type":"SearchAction","target":{"@type":"EntryPoint","urlTemplate":"https:\/\/hotelvillamiel.com\/de\/?s={search_term_string}"},"query-input":{"@type":"PropertyValueSpecification","valueRequired":true,"valueName":"search_term_string"}}],"inLanguage":"es"},{"@type":"Organization","@id":"https:\/\/hotelvillamiel.com\/de\/#organization","name":"Hotel Villa Miel in Cala Millor auf Mallorca","url":"https:\/\/hotelvillamiel.com\/de\/","logo":{"@type":"ImageObject","inLanguage":"es","@id":"https:\/\/hotelvillamiel.com\/de\/#\/schema\/logo\/image\/","url":"https:\/\/hotelvillamiel.com\/de\/wp-content\/uploads\/sites\/3\/logo-hotel-villa-miel-en-mallorca.webp","contentUrl":"https:\/\/hotelvillamiel.com\/de\/wp-content\/uploads\/sites\/3\/logo-hotel-villa-miel-en-mallorca.webp","width":350,"height":134,"caption":"Hotel Villa Miel in Cala Millor auf Mallorca"},"image":{"@id":"https:\/\/hotelvillamiel.com\/de\/#\/schema\/logo\/image\/"}}]}},"_links":{"self":[{"href":"https:\/\/hotelvillamiel.com\/de\/wp-json\/wp\/v2\/pages\/67","targetHints":{"allow":["GET"]}}],"collection":[{"href":"https:\/\/hotelvillamiel.com\/de\/wp-json\/wp\/v2\/pages"}],"about":[{"href":"https:\/\/hotelvillamiel.com\/de\/wp-json\/wp\/v2\/types\/page"}],"author":[{"embeddable":true,"href":"https:\/\/hotelvillamiel.com\/de\/wp-json\/wp\/v2\/users\/1"}],"replies":[{"embeddable":true,"href":"https:\/\/hotelvillamiel.com\/de\/wp-json\/wp\/v2\/comments?post=67"}],"version-history":[{"count":5,"href":"https:\/\/hotelvillamiel.com\/de\/wp-json\/wp\/v2\/pages\/67\/revisions"}],"predecessor-version":[{"id":2615,"href":"https:\/\/hotelvillamiel.com\/de\/wp-json\/wp\/v2\/pages\/67\/revisions\/2615"}],"wp:attachment":[{"href":"https:\/\/hotelvillamiel.com\/de\/wp-json\/wp\/v2\/media?parent=67"}],"curies":[{"name":"wp","href":"https:\/\/api.w.org\/{rel}","templated":true}]}}