{"id":72,"date":"2024-07-17T11:08:17","date_gmt":"2024-07-17T09:08:17","guid":{"rendered":"https:\/\/hotelvillamiel.com\/?page_id=72"},"modified":"2025-09-03T17:30:35","modified_gmt":"2025-09-03T15:30:35","slug":"cookie-richtlinie","status":"publish","type":"page","link":"https:\/\/hotelvillamiel.com\/de\/cookie-richtlinie\/","title":{"rendered":"Cookie-Richtlinie"},"content":{"rendered":"\t\t<div data-elementor-type=\"wp-page\" data-elementor-id=\"72\" class=\"elementor elementor-72\" data-elementor-post-type=\"page\">\n\t\t\t\t<div class=\"elementor-element elementor-element-18a2821 e-flex e-con-boxed e-con e-parent\" data-id=\"18a2821\" data-element_type=\"container\" data-e-type=\"container\">\n\t\t\t\t\t<div class=\"e-con-inner\">\n\t\t<div class=\"elementor-element elementor-element-be67688 e-con-full e-flex e-con e-child\" data-id=\"be67688\" data-element_type=\"container\" data-e-type=\"container\">\n\t\t\t\t<div class=\"elementor-element elementor-element-bde42a3 elementor-widget elementor-widget-text-editor\" data-id=\"bde42a3\" data-element_type=\"widget\" data-e-type=\"widget\" data-widget_type=\"text-editor.default\">\n\t\t\t\t<div class=\"elementor-widget-container\">\n\t\t\t\t\t\t\t\t\t<h2 data-start=\"88\" data-end=\"109\">COOKIE-RICHTLINIE<\/h2><p data-start=\"110\" data-end=\"126\">hotelvillamiel.com<\/p><h2 data-start=\"128\" data-end=\"158\">Zugriff auf diese Website<\/h2><p data-start=\"160\" data-end=\"521\">Der Zugriff auf diese Website kann die Verwendung von Cookies beinhalten. Cookies sind kleine Informationsmengen, die im Browser jedes Nutzers gespeichert werden \u2014 auf den verschiedenen Ger\u00e4ten, die er zur Navigation verwenden kann \u2014, damit der Server bestimmte Informationen beh\u00e4lt, die anschlie\u00dfend nur vom Server, der sie implementiert hat, gelesen werden.<\/p><p data-start=\"523\" data-end=\"636\">Cookies erleichtern die Navigation, machen sie benutzerfreundlicher und besch\u00e4digen das Navigationsger\u00e4t nicht.<\/p><p data-start=\"638\" data-end=\"978\">Cookies sind automatische Verfahren zur Erfassung von Informationen \u00fcber die vom Nutzer w\u00e4hrend seines Besuchs auf der Website festgelegten Pr\u00e4ferenzen. Sie dienen dazu, ihn als Nutzer wiederzuerkennen, seine Erfahrung und Nutzung der Website zu personalisieren und k\u00f6nnen z. B. auch dabei helfen, Fehler zu identifizieren und zu beheben.<\/p><p data-start=\"980\" data-end=\"1577\">Die durch Cookies gesammelten Informationen k\u00f6nnen u. a. das Datum und die Uhrzeit des Besuchs, die aufgerufenen Seiten, die auf der Website verbrachte Zeit sowie die unmittelbar vorher und nachher besuchten Seiten umfassen. Keine Cookie erm\u00f6glicht jedoch den Kontakt mit der Telefonnummer oder anderen pers\u00f6nlichen Kontaktdaten des Nutzers, noch k\u00f6nnen Cookies Informationen von der Festplatte auslesen oder pers\u00f6nliche Daten stehlen. Private Informationen des Nutzers k\u00f6nnen nur dann Teil der Cookie-Datei werden, wenn der Nutzer diese Informationen pers\u00f6nlich dem Server zur Verf\u00fcgung stellt.<\/p><p data-start=\"1579\" data-end=\"1958\">Da Cookies eine Identifizierung einer Person erm\u00f6glichen k\u00f6nnen, gelten sie als personenbezogene Daten. Daher findet auf sie die zuvor beschriebene Datenschutzerkl\u00e4rung Anwendung. F\u00fcr ihre Verwendung ist die Zustimmung des Nutzers erforderlich, die durch eine eindeutige, best\u00e4tigende Handlung vor der erstmaligen Verarbeitung erteilt, widerrufbar und dokumentiert werden muss.<\/p><hr data-start=\"1960\" data-end=\"1963\" \/><h2 data-start=\"1965\" data-end=\"1984\">Eigene Cookies<\/h2><p data-start=\"1986\" data-end=\"2440\">Dies sind Cookies, die an den Computer oder das Ger\u00e4t des Nutzers gesendet und ausschlie\u00dflich von Alojamientos Tur\u00edsticos verwaltet werden, um das ordnungsgem\u00e4\u00dfe Funktionieren der Website zu gew\u00e4hrleisten. Die erhobenen Informationen dienen der Verbesserung der Qualit\u00e4t und Inhalte der Website sowie der Nutzererfahrung. Diese Cookies erm\u00f6glichen es, den Nutzer als wiederkehrenden Besucher zu erkennen und die Inhalte an seine Pr\u00e4ferenzen anzupassen.<\/p><hr data-start=\"2442\" data-end=\"2445\" \/><h2 data-start=\"2447\" data-end=\"2478\">Cookies von Drittanbietern<\/h2><p data-start=\"2480\" data-end=\"2680\">Dies sind Cookies, die von externen Stellen verwendet und verwaltet werden, die Alojamientos Tur\u00edsticos die angeforderten Dienste bereitstellen, um die Website und die Nutzererfahrung zu verbessern.<\/p><p data-start=\"2682\" data-end=\"2860\">Sie dienen u. a. dazu, Zugriffsstatistiken zu erstellen und Informationen \u00fcber die Nutzung der Website zu analysieren, also dar\u00fcber, wie der Nutzer mit der Website interagiert.<\/p><p data-start=\"2862\" data-end=\"3298\">Die Informationen k\u00f6nnen z. B. Folgendes umfassen: Anzahl der besuchten Seiten, Sprache, Standort der IP-Adresse, Anzahl der Nutzer, H\u00e4ufigkeit und Wiederkehr der Besuche, Besuchsdauer, verwendeter Browser, Anbieter oder Ger\u00e4tetyp. Diese Informationen dienen dazu, die Website zu verbessern und neue Bed\u00fcrfnisse zu erkennen. Die Daten werden anonym gesammelt, und Trendberichte werden erstellt, ohne einzelne Nutzer zu identifizieren.<\/p><p data-start=\"3300\" data-end=\"3443\">Weitere Informationen \u00fcber Cookies, Datenschutz oder die Beschreibung der verwendeten Cookies, ihre Merkmale und Laufzeiten finden Sie unter:<\/p><ul data-start=\"3444\" data-end=\"3534\"><li data-start=\"3444\" data-end=\"3477\"><p data-start=\"3446\" data-end=\"3477\"><a class=\"decorated-link\" href=\"https:\/\/analytics.google.com\/?utm_source=chatgpt.com\" target=\"_new\" rel=\"noopener\" data-start=\"3446\" data-end=\"3475\">https:\/\/analytics.google.com\/<\/a><\/p><\/li><li data-start=\"3478\" data-end=\"3534\"><p data-start=\"3480\" data-end=\"3534\"><a class=\"decorated-link\" href=\"https:\/\/es-es.facebook.com\/business\/tools\/meta-pixel?utm_source=chatgpt.com\" target=\"_new\" rel=\"noopener\" data-start=\"3480\" data-end=\"3532\">https:\/\/es-es.facebook.com\/business\/tools\/meta-pixel<\/a><\/p><\/li><\/ul><p data-start=\"3536\" data-end=\"3724\">Die Anbieter dieser Cookies k\u00f6nnen die Informationen an Dritte weitergeben, wenn dies gesetzlich vorgeschrieben ist oder wenn ein Dritter diese Daten im Auftrag der Anbieter verarbeitet.<\/p><hr data-start=\"3726\" data-end=\"3729\" \/><h2 data-start=\"3731\" data-end=\"3762\">Cookies sozialer Netzwerke<\/h2><p data-start=\"3764\" data-end=\"3976\">Alojamientos Tur\u00edsticos integriert Plugins sozialer Netzwerke, die den Zugriff darauf von der Website aus erm\u00f6glichen. Aus diesem Grund k\u00f6nnen Cookies dieser Netzwerke im Browser des Nutzers gespeichert werden.<\/p><p data-start=\"3978\" data-end=\"4159\">Die Inhaber dieser sozialen Netzwerke haben eigene Datenschutz- und Cookie-Richtlinien, f\u00fcr die sie verantwortlich sind. Der Nutzer sollte sich \u00fcber diese Richtlinien informieren:<\/p><ul data-start=\"4161\" data-end=\"4528\"><li data-start=\"4161\" data-end=\"4217\"><p data-start=\"4163\" data-end=\"4217\">Facebook: <a class=\"decorated-link\" href=\"https:\/\/www.facebook.com\/policies\/cookies\/?utm_source=chatgpt.com\" target=\"_new\" rel=\"noopener\" data-start=\"4173\" data-end=\"4215\">https:\/\/www.facebook.com\/policies\/cookies\/<\/a><\/p><\/li><li data-start=\"4218\" data-end=\"4261\"><p data-start=\"4220\" data-end=\"4261\">Twitter: <a class=\"decorated-link\" href=\"https:\/\/twitter.com\/es\/privacy?utm_source=chatgpt.com\" target=\"_new\" rel=\"noopener\" data-start=\"4229\" data-end=\"4259\">https:\/\/twitter.com\/es\/privacy<\/a><\/p><\/li><li data-start=\"4262\" data-end=\"4327\"><p data-start=\"4264\" data-end=\"4327\">Instagram: <a class=\"decorated-link\" href=\"https:\/\/help.instagram.com\/1896641480634370?ref=ig&amp;utm_source=chatgpt.com\" target=\"_new\" rel=\"noopener\" data-start=\"4275\" data-end=\"4325\">https:\/\/help.instagram.com\/1896641480634370?ref=ig<\/a><\/p><\/li><li data-start=\"4328\" data-end=\"4392\"><p data-start=\"4330\" data-end=\"4392\">YouTube: <a class=\"decorated-link\" href=\"https:\/\/policies.google.com\/privacy?hl=es-419&amp;gl=mx&amp;utm_source=chatgpt.com\" target=\"_new\" rel=\"noopener\" data-start=\"4339\" data-end=\"4390\">https:\/\/policies.google.com\/privacy?hl=es-419&amp;gl=mx<\/a><\/p><\/li><li data-start=\"4393\" data-end=\"4454\"><p data-start=\"4395\" data-end=\"4454\">Pinterest: <a class=\"decorated-link\" href=\"https:\/\/policy.pinterest.com\/es\/privacy-policy?utm_source=chatgpt.com\" target=\"_new\" rel=\"noopener\" data-start=\"4406\" data-end=\"4452\">https:\/\/policy.pinterest.com\/es\/privacy-policy<\/a><\/p><\/li><li data-start=\"4455\" data-end=\"4528\"><p data-start=\"4457\" data-end=\"4528\">LinkedIn: <a class=\"decorated-link\" href=\"https:\/\/www.linkedin.com\/legal\/cookie-policy?trk=hp-cookies&amp;utm_source=chatgpt.com\" target=\"_new\" rel=\"noopener\" data-start=\"4467\" data-end=\"4526\">https:\/\/www.linkedin.com\/legal\/cookie-policy?trk=hp-cookies<\/a><\/p><\/li><\/ul><hr data-start=\"4530\" data-end=\"4533\" \/><h2 data-start=\"4535\" data-end=\"4586\">Deaktivieren, Ablehnen und L\u00f6schen von Cookies<\/h2><p data-start=\"4588\" data-end=\"4755\">Der Nutzer kann Cookies \u2014 ganz oder teilweise \u2014 \u00fcber die Einstellungen seines Browsers (z. B. Chrome, Firefox, Safari, Explorer) deaktivieren, ablehnen oder l\u00f6schen.<\/p><p data-start=\"4757\" data-end=\"5040\">Da die Verfahren je nach Browser unterschiedlich sind, muss der Nutzer die Anleitungen des jeweiligen Browsers befolgen. Wird die Nutzung von Cookies ganz oder teilweise abgelehnt, kann die Website weiterhin genutzt werden, jedoch m\u00f6glicherweise mit eingeschr\u00e4nkter Funktionalit\u00e4t.<\/p><hr data-start=\"5042\" data-end=\"5045\" \/><p data-start=\"5047\" data-end=\"5181\">Dieses Cookie-Richtliniendokument wurde mit Hilfe eines kostenlosen Online-Generators f\u00fcr Cookie-Richtlinien am 17.07.2024 erstellt.<\/p>\t\t\t\t\t\t\t\t<\/div>\n\t\t\t\t<\/div>\n\t\t\t\t<\/div>\n\t\t\t\t\t<\/div>\n\t\t\t\t<\/div>\n\t\t\t\t<\/div>\n\t\t","protected":false},"excerpt":{"rendered":"<p>COOKIE-RICHTLINIE Zugriff auf diese Website Der Zugriff auf diese Website kann die Verwendung von Cookies beinhalten. Cookies sind kleine Informationsmengen, die im Browser jedes Nutzers gespeichert werden \u2014 auf den verschiedenen Ger\u00e4ten, die er zur Navigation verwenden kann \u2014, damit der Server bestimmte Informationen beh\u00e4lt, die anschlie\u00dfend nur vom Server, der sie implementiert hat, gelesen [&hellip;]<\/p>\n","protected":false},"author":1,"featured_media":0,"parent":0,"menu_order":0,"comment_status":"closed","ping_status":"closed","template":"elementor_header_footer","meta":{"footnotes":""},"class_list":["post-72","page","type-page","status-publish","hentry"],"yoast_head":"<!-- This site is optimized with the Yoast SEO plugin v27.5 - https:\/\/yoast.com\/product\/yoast-seo-wordpress\/ -->\n<title>Cookie-Richtlinie - Hotel Villa Miel in Cala Millor auf Mallorca<\/title>\n<meta name=\"robots\" content=\"noindex, nofollow\" \/>\n<meta property=\"og:locale\" content=\"es_ES\" \/>\n<meta property=\"og:type\" content=\"article\" \/>\n<meta property=\"og:title\" content=\"Cookie-Richtlinie - Hotel Villa Miel in Cala Millor auf Mallorca\" \/>\n<meta property=\"og:description\" content=\"COOKIE-RICHTLINIE Zugriff auf diese Website Der Zugriff auf diese Website kann die Verwendung von Cookies beinhalten. Cookies sind kleine Informationsmengen, die im Browser jedes Nutzers gespeichert werden \u2014 auf den verschiedenen Ger\u00e4ten, die er zur Navigation verwenden kann \u2014, damit der Server bestimmte Informationen beh\u00e4lt, die anschlie\u00dfend nur vom Server, der sie implementiert hat, gelesen [&hellip;]\" \/>\n<meta property=\"og:url\" content=\"https:\/\/hotelvillamiel.com\/de\/cookie-richtlinie\/\" \/>\n<meta property=\"og:site_name\" content=\"Hotel Villa Miel in Cala Millor auf Mallorca\" \/>\n<meta property=\"article:modified_time\" content=\"2025-09-03T15:30:35+00:00\" \/>\n<meta name=\"twitter:card\" content=\"summary_large_image\" \/>\n<meta name=\"twitter:label1\" content=\"Tiempo de lectura\" \/>\n\t<meta name=\"twitter:data1\" content=\"3 minutos\" \/>\n<script type=\"application\/ld+json\" class=\"yoast-schema-graph\">{\"@context\":\"https:\\\/\\\/schema.org\",\"@graph\":[{\"@type\":\"WebPage\",\"@id\":\"https:\\\/\\\/hotelvillamiel.com\\\/de\\\/cookie-richtlinie\\\/\",\"url\":\"https:\\\/\\\/hotelvillamiel.com\\\/de\\\/cookie-richtlinie\\\/\",\"name\":\"Cookie-Richtlinie - Hotel Villa Miel in Cala Millor auf Mallorca\",\"isPartOf\":{\"@id\":\"https:\\\/\\\/hotelvillamiel.com\\\/de\\\/#website\"},\"datePublished\":\"2024-07-17T09:08:17+00:00\",\"dateModified\":\"2025-09-03T15:30:35+00:00\",\"breadcrumb\":{\"@id\":\"https:\\\/\\\/hotelvillamiel.com\\\/de\\\/cookie-richtlinie\\\/#breadcrumb\"},\"inLanguage\":\"es\",\"potentialAction\":[{\"@type\":\"ReadAction\",\"target\":[\"https:\\\/\\\/hotelvillamiel.com\\\/de\\\/cookie-richtlinie\\\/\"]}]},{\"@type\":\"BreadcrumbList\",\"@id\":\"https:\\\/\\\/hotelvillamiel.com\\\/de\\\/cookie-richtlinie\\\/#breadcrumb\",\"itemListElement\":[{\"@type\":\"ListItem\",\"position\":1,\"name\":\"Portada\",\"item\":\"https:\\\/\\\/hotelvillamiel.com\\\/de\\\/\"},{\"@type\":\"ListItem\",\"position\":2,\"name\":\"Cookie-Richtlinie\"}]},{\"@type\":\"WebSite\",\"@id\":\"https:\\\/\\\/hotelvillamiel.com\\\/de\\\/#website\",\"url\":\"https:\\\/\\\/hotelvillamiel.com\\\/de\\\/\",\"name\":\"Hotel Villa Miel in Cala Millor auf Mallorca\",\"description\":\"Web Oficial - Mejor precio Garantizado\",\"publisher\":{\"@id\":\"https:\\\/\\\/hotelvillamiel.com\\\/de\\\/#organization\"},\"potentialAction\":[{\"@type\":\"SearchAction\",\"target\":{\"@type\":\"EntryPoint\",\"urlTemplate\":\"https:\\\/\\\/hotelvillamiel.com\\\/de\\\/?s={search_term_string}\"},\"query-input\":{\"@type\":\"PropertyValueSpecification\",\"valueRequired\":true,\"valueName\":\"search_term_string\"}}],\"inLanguage\":\"es\"},{\"@type\":\"Organization\",\"@id\":\"https:\\\/\\\/hotelvillamiel.com\\\/de\\\/#organization\",\"name\":\"Hotel Villa Miel in Cala Millor auf Mallorca\",\"url\":\"https:\\\/\\\/hotelvillamiel.com\\\/de\\\/\",\"logo\":{\"@type\":\"ImageObject\",\"inLanguage\":\"es\",\"@id\":\"https:\\\/\\\/hotelvillamiel.com\\\/de\\\/#\\\/schema\\\/logo\\\/image\\\/\",\"url\":\"https:\\\/\\\/hotelvillamiel.com\\\/de\\\/wp-content\\\/uploads\\\/sites\\\/3\\\/logo-hotel-villa-miel-en-mallorca.webp\",\"contentUrl\":\"https:\\\/\\\/hotelvillamiel.com\\\/de\\\/wp-content\\\/uploads\\\/sites\\\/3\\\/logo-hotel-villa-miel-en-mallorca.webp\",\"width\":350,\"height\":134,\"caption\":\"Hotel Villa Miel in Cala Millor auf Mallorca\"},\"image\":{\"@id\":\"https:\\\/\\\/hotelvillamiel.com\\\/de\\\/#\\\/schema\\\/logo\\\/image\\\/\"}}]}<\/script>\n<!-- \/ Yoast SEO plugin. -->","yoast_head_json":{"title":"Cookie-Richtlinie - Hotel Villa Miel in Cala Millor auf Mallorca","robots":{"index":"noindex","follow":"nofollow"},"og_locale":"es_ES","og_type":"article","og_title":"Cookie-Richtlinie - Hotel Villa Miel in Cala Millor auf Mallorca","og_description":"COOKIE-RICHTLINIE Zugriff auf diese Website Der Zugriff auf diese Website kann die Verwendung von Cookies beinhalten. Cookies sind kleine Informationsmengen, die im Browser jedes Nutzers gespeichert werden \u2014 auf den verschiedenen Ger\u00e4ten, die er zur Navigation verwenden kann \u2014, damit der Server bestimmte Informationen beh\u00e4lt, die anschlie\u00dfend nur vom Server, der sie implementiert hat, gelesen [&hellip;]","og_url":"https:\/\/hotelvillamiel.com\/de\/cookie-richtlinie\/","og_site_name":"Hotel Villa Miel in Cala Millor auf Mallorca","article_modified_time":"2025-09-03T15:30:35+00:00","twitter_card":"summary_large_image","twitter_misc":{"Tiempo de lectura":"3 minutos"},"schema":{"@context":"https:\/\/schema.org","@graph":[{"@type":"WebPage","@id":"https:\/\/hotelvillamiel.com\/de\/cookie-richtlinie\/","url":"https:\/\/hotelvillamiel.com\/de\/cookie-richtlinie\/","name":"Cookie-Richtlinie - Hotel Villa Miel in Cala Millor auf Mallorca","isPartOf":{"@id":"https:\/\/hotelvillamiel.com\/de\/#website"},"datePublished":"2024-07-17T09:08:17+00:00","dateModified":"2025-09-03T15:30:35+00:00","breadcrumb":{"@id":"https:\/\/hotelvillamiel.com\/de\/cookie-richtlinie\/#breadcrumb"},"inLanguage":"es","potentialAction":[{"@type":"ReadAction","target":["https:\/\/hotelvillamiel.com\/de\/cookie-richtlinie\/"]}]},{"@type":"BreadcrumbList","@id":"https:\/\/hotelvillamiel.com\/de\/cookie-richtlinie\/#breadcrumb","itemListElement":[{"@type":"ListItem","position":1,"name":"Portada","item":"https:\/\/hotelvillamiel.com\/de\/"},{"@type":"ListItem","position":2,"name":"Cookie-Richtlinie"}]},{"@type":"WebSite","@id":"https:\/\/hotelvillamiel.com\/de\/#website","url":"https:\/\/hotelvillamiel.com\/de\/","name":"Hotel Villa Miel in Cala Millor auf Mallorca","description":"Web Oficial - Mejor precio Garantizado","publisher":{"@id":"https:\/\/hotelvillamiel.com\/de\/#organization"},"potentialAction":[{"@type":"SearchAction","target":{"@type":"EntryPoint","urlTemplate":"https:\/\/hotelvillamiel.com\/de\/?s={search_term_string}"},"query-input":{"@type":"PropertyValueSpecification","valueRequired":true,"valueName":"search_term_string"}}],"inLanguage":"es"},{"@type":"Organization","@id":"https:\/\/hotelvillamiel.com\/de\/#organization","name":"Hotel Villa Miel in Cala Millor auf Mallorca","url":"https:\/\/hotelvillamiel.com\/de\/","logo":{"@type":"ImageObject","inLanguage":"es","@id":"https:\/\/hotelvillamiel.com\/de\/#\/schema\/logo\/image\/","url":"https:\/\/hotelvillamiel.com\/de\/wp-content\/uploads\/sites\/3\/logo-hotel-villa-miel-en-mallorca.webp","contentUrl":"https:\/\/hotelvillamiel.com\/de\/wp-content\/uploads\/sites\/3\/logo-hotel-villa-miel-en-mallorca.webp","width":350,"height":134,"caption":"Hotel Villa Miel in Cala Millor auf Mallorca"},"image":{"@id":"https:\/\/hotelvillamiel.com\/de\/#\/schema\/logo\/image\/"}}]}},"_links":{"self":[{"href":"https:\/\/hotelvillamiel.com\/de\/wp-json\/wp\/v2\/pages\/72","targetHints":{"allow":["GET"]}}],"collection":[{"href":"https:\/\/hotelvillamiel.com\/de\/wp-json\/wp\/v2\/pages"}],"about":[{"href":"https:\/\/hotelvillamiel.com\/de\/wp-json\/wp\/v2\/types\/page"}],"author":[{"embeddable":true,"href":"https:\/\/hotelvillamiel.com\/de\/wp-json\/wp\/v2\/users\/1"}],"replies":[{"embeddable":true,"href":"https:\/\/hotelvillamiel.com\/de\/wp-json\/wp\/v2\/comments?post=72"}],"version-history":[{"count":5,"href":"https:\/\/hotelvillamiel.com\/de\/wp-json\/wp\/v2\/pages\/72\/revisions"}],"predecessor-version":[{"id":2622,"href":"https:\/\/hotelvillamiel.com\/de\/wp-json\/wp\/v2\/pages\/72\/revisions\/2622"}],"wp:attachment":[{"href":"https:\/\/hotelvillamiel.com\/de\/wp-json\/wp\/v2\/media?parent=72"}],"curies":[{"name":"wp","href":"https:\/\/api.w.org\/{rel}","templated":true}]}}